{"id":8694,"date":"2023-03-06T13:52:03","date_gmt":"2023-03-06T12:52:03","guid":{"rendered":"https:\/\/www.flottaweb.com\/servicios\/servicios-externos\/"},"modified":"2023-03-16T17:49:31","modified_gmt":"2023-03-16T16:49:31","slug":"servicios-externos","status":"publish","type":"page","link":"https:\/\/www.flottaweb.com\/es\/servicios\/servicios-externos\/","title":{"rendered":"Servicios Externos"},"content":{"rendered":"\t\t<div data-elementor-type=\"wp-page\" data-elementor-id=\"8694\" class=\"elementor elementor-8694 elementor-7161\">\n\t\t\t\t\t\t\t\t\t<section class=\"elementor-section elementor-top-section elementor-element elementor-element-23cb705 elementor-section-boxed elementor-section-height-default elementor-section-height-default\" data-id=\"23cb705\" data-element_type=\"section\" id=\"controllo-consumi\">\n\t\t\t\t\t\t<div class=\"elementor-container elementor-column-gap-default\">\n\t\t\t\t\t<div class=\"elementor-column elementor-col-50 elementor-top-column elementor-element elementor-element-560ebfd\" data-id=\"560ebfd\" data-element_type=\"column\">\n\t\t\t<div class=\"elementor-widget-wrap elementor-element-populated\">\n\t\t\t\t\t\t\t\t<div class=\"elementor-element elementor-element-f661103 elementor-widget elementor-widget-heading\" data-id=\"f661103\" data-element_type=\"widget\" data-widget_type=\"heading.default\">\n\t\t\t\t<div class=\"elementor-widget-container\">\n\t\t\t<style>\/*! elementor - v3.11.3 - 07-03-2023 *\/\n.elementor-heading-title{padding:0;margin:0;line-height:1}.elementor-widget-heading .elementor-heading-title[class*=elementor-size-]>a{color:inherit;font-size:inherit;line-height:inherit}.elementor-widget-heading .elementor-heading-title.elementor-size-small{font-size:15px}.elementor-widget-heading .elementor-heading-title.elementor-size-medium{font-size:19px}.elementor-widget-heading .elementor-heading-title.elementor-size-large{font-size:29px}.elementor-widget-heading .elementor-heading-title.elementor-size-xl{font-size:39px}.elementor-widget-heading .elementor-heading-title.elementor-size-xxl{font-size:59px}<\/style><h2 class=\"elementor-heading-title elementor-size-default\">Partner<\/h2>\t\t<\/div>\n\t\t\t\t<\/div>\n\t\t\t\t\t<\/div>\n\t\t<\/div>\n\t\t\t\t<div class=\"elementor-column elementor-col-50 elementor-top-column elementor-element elementor-element-b4992d7\" data-id=\"b4992d7\" data-element_type=\"column\">\n\t\t\t<div class=\"elementor-widget-wrap elementor-element-populated\">\n\t\t\t\t\t\t\t\t<div class=\"elementor-element elementor-element-241320c elementor-widget elementor-widget-text-editor\" data-id=\"241320c\" data-element_type=\"widget\" data-widget_type=\"text-editor.default\">\n\t\t\t\t<div class=\"elementor-widget-container\">\n\t\t\t<style>\/*! elementor - v3.11.3 - 07-03-2023 *\/\n.elementor-widget-text-editor.elementor-drop-cap-view-stacked .elementor-drop-cap{background-color:#818a91;color:#fff}.elementor-widget-text-editor.elementor-drop-cap-view-framed .elementor-drop-cap{color:#818a91;border:3px solid;background-color:transparent}.elementor-widget-text-editor:not(.elementor-drop-cap-view-default) .elementor-drop-cap{margin-top:8px}.elementor-widget-text-editor:not(.elementor-drop-cap-view-default) .elementor-drop-cap-letter{width:1em;height:1em}.elementor-widget-text-editor .elementor-drop-cap{float:left;text-align:center;line-height:1;font-size:50px}.elementor-widget-text-editor .elementor-drop-cap-letter{display:inline-block}<\/style>\t\t\t\t<section class=\"vc_section vc_custom_1568794384385 vc_section-has-fill\" data-vc-full-width=\"true\" data-vc-full-width-init=\"true\">\n<div class=\"vc_row wpb_row vc_row-fluid mt-md-8 mt-8\">\n<div class=\"wpb_column vc_column_container vc_col-sm-12 vc_col-lg-5 vc_col-md-5\">\n<div class=\"vc_column-inner\">\n<div class=\"wpb_wrapper\">\n<div class=\"wpb_text_column wpb_content_element vc_custom_1576142289154\">\n<div class=\"wpb_wrapper\">\n<p><strong>Flottaweb<\/strong> es una plataforma de gesti\u00f3n de flotas que utiliza las soluciones y socios m\u00e1s confiables, pero sobre todo tiene como objetivo proporcionar soluciones tecnol\u00f3gicamente avanzadas que puedan ayudar a las empresas a gestionar sus actividades log\u00edsticas y, al mismo tiempo, garantizar la seguridad de los veh\u00edculos, las mercanc\u00edas transportadas y las personas.<\/p>\n<p>A lo largo de los a\u00f1os, se han a\u00f1adido cada vez m\u00e1s servicios y hoy Flottaweb puede ofrecer, en una \u00fanica plataforma, un conjunto completo de servicios log\u00edsticos, como la ubicaci\u00f3n geogr\u00e1fica, la detecci\u00f3n del consumo de combustible y el control del estilo de conducci\u00f3n, la descarga remota de datos del tac\u00f3grafo digital, la mensajer\u00eda y la navegaci\u00f3n por sat\u00e9lite integrada, <a href=\"https:\/\/\/es\/servicios\/cadena-de-frio\/\">Control de temperatura de la nevera.<\/a><\/p>\n<p>Estos servicios se pueden combinar con funciones <a href=\"https:\/\/\/es\/servicios\/dispositivo-antirrobo-satelital\/\">antirrobo satelitales<\/a> y el centro de operaciones 24 horas para vigilancia remota, que permite el control y gesti\u00f3n de alarmas en tiempo real.<\/p>\n<\/div>\n<\/div>\n<\/div>\n<\/div>\n<\/div>\n<\/div>\n<\/section>\n\t\t\t\t\t\t<\/div>\n\t\t\t\t<\/div>\n\t\t\t\t\t<\/div>\n\t\t<\/div>\n\t\t\t\t\t\t\t<\/div>\n\t\t<\/section>\n\t\t\t\t<section class=\"elementor-section elementor-top-section elementor-element elementor-element-678ae53 elementor-section-boxed elementor-section-height-default elementor-section-height-default\" data-id=\"678ae53\" data-element_type=\"section\">\n\t\t\t\t\t\t<div class=\"elementor-container elementor-column-gap-default\">\n\t\t\t\t\t<div class=\"elementor-column elementor-col-100 elementor-top-column elementor-element elementor-element-5e1b919\" data-id=\"5e1b919\" data-element_type=\"column\">\n\t\t\t<div class=\"elementor-widget-wrap elementor-element-populated\">\n\t\t\t\t\t\t\t\t<div class=\"elementor-element elementor-element-4cb5041 elementor-widget elementor-widget-image\" data-id=\"4cb5041\" data-element_type=\"widget\" data-widget_type=\"image.default\">\n\t\t\t\t<div class=\"elementor-widget-container\">\n\t\t\t<style>\/*! elementor - v3.11.3 - 07-03-2023 *\/\n.elementor-widget-image{text-align:center}.elementor-widget-image a{display:inline-block}.elementor-widget-image a img[src$=\".svg\"]{width:48px}.elementor-widget-image img{vertical-align:middle;display:inline-block}<\/style>\t\t\t\t\t\t\t\t\t\t\t\t<img decoding=\"async\" width=\"1024\" height=\"493\" src=\"https:\/\/www.flottaweb.com\/wp-content\/uploads\/2023\/03\/immagine-partners-1024x493.png\" class=\"attachment-large size-large wp-image-7163\" alt=\"\" loading=\"lazy\" srcset=\"https:\/\/www.flottaweb.com\/wp-content\/uploads\/2023\/03\/immagine-partners-1024x493.png 1024w, https:\/\/www.flottaweb.com\/wp-content\/uploads\/2023\/03\/immagine-partners-300x144.png 300w, https:\/\/www.flottaweb.com\/wp-content\/uploads\/2023\/03\/immagine-partners-768x370.png 768w, https:\/\/www.flottaweb.com\/wp-content\/uploads\/2023\/03\/immagine-partners-1536x739.png 1536w, https:\/\/www.flottaweb.com\/wp-content\/uploads\/2023\/03\/immagine-partners.png 1600w\" sizes=\"(max-width: 1024px) 100vw, 1024px\" \/>\t\t\t\t\t\t\t\t\t\t\t\t\t\t\t<\/div>\n\t\t\t\t<\/div>\n\t\t\t\t\t<\/div>\n\t\t<\/div>\n\t\t\t\t\t\t\t<\/div>\n\t\t<\/section>\n\t\t\t\t<section class=\"elementor-section elementor-top-section elementor-element elementor-element-8be30b7 elementor-section-boxed elementor-section-height-default elementor-section-height-default\" data-id=\"8be30b7\" data-element_type=\"section\">\n\t\t\t\t\t\t<div class=\"elementor-container elementor-column-gap-default\">\n\t\t\t\t\t<div class=\"elementor-column elementor-col-100 elementor-top-column elementor-element elementor-element-a10c26d\" data-id=\"a10c26d\" data-element_type=\"column\">\n\t\t\t<div class=\"elementor-widget-wrap elementor-element-populated\">\n\t\t\t\t\t\t\t\t<div class=\"elementor-element elementor-element-f4176cf elementor-widget elementor-widget-text-editor\" data-id=\"f4176cf\" data-element_type=\"widget\" data-widget_type=\"text-editor.default\">\n\t\t\t\t<div class=\"elementor-widget-container\">\n\t\t\t\t\t\t\t<section class=\"vc_section vc_custom_1568794384385 vc_section-has-fill\" data-vc-full-width=\"true\" data-vc-full-width-init=\"true\">\n<div class=\"vc_row wpb_row vc_row-fluid mt-md-8 mt-8\">\n<div class=\"wpb_column vc_column_container vc_col-sm-12 vc_col-lg-5 vc_col-md-5\">\n<div class=\"vc_column-inner\">\n<div class=\"wpb_wrapper\">\n<div class=\"wpb_text_column wpb_content_element vc_custom_1576142289154\">\n<div class=\"wpb_wrapper\">\n<section class=\"vc_section\">\n<div class=\"vc_row wpb_row vc_row-fluid mt-4 mb-4 mt-md-8 mb-md-8\">\n<div class=\"wpb_column vc_column_container vc_col-sm-12\">\n<div class=\"vc_column-inner\">\n<div class=\"wpb_wrapper\">\n<div class=\"wpb_text_column wpb_content_element \">\n<div class=\"wpb_wrapper\">\n<div class=\"wpb_text_column wpb_content_element \">\n<div class=\"wpb_wrapper\">\n<p>Como se ha mencionado, Flottaweb es una plataforma de gesti\u00f3n de flotas que utiliza las soluciones y socios m\u00e1s fiables; por este motivo, el equipo de ingenieros y desarrolladores de Flottaweb utiliza las soluciones m\u00e1s avanzadas y trabaja constantemente para garantizar una integraci\u00f3n amplia y continua de la plataforma con otros programas de aplicaci\u00f3n necesarios para las empresas de log\u00edstica y transporte. como software de gesti\u00f3n, plataformas de carga, soluciones de tac\u00f3grafo y otras soluciones tecnol\u00f3gicamente avanzadas.<\/p>\n<\/div>\n<\/div>\n<\/div>\n<\/div>\n<\/div>\n<\/div>\n<\/div>\n<\/div>\n<\/section>\n<\/div>\n<\/div>\n<\/div>\n<\/div>\n<\/div>\n<\/div>\n<\/section>\n\t\t\t\t\t\t<\/div>\n\t\t\t\t<\/div>\n\t\t\t\t\t<\/div>\n\t\t<\/div>\n\t\t\t\t\t\t\t<\/div>\n\t\t<\/section>\n\t\t\t\t\t\t\t<\/div>\n\t\t","protected":false},"excerpt":{"rendered":"<p>Partner Flottaweb es una plataforma de gesti\u00f3n de flotas que utiliza las soluciones y socios m\u00e1s confiables, pero sobre todo tiene como objetivo proporcionar soluciones tecnol\u00f3gicamente avanzadas que puedan ayudar a las empresas a gestionar sus actividades log\u00edsticas y, al mismo tiempo, garantizar la seguridad de los veh\u00edculos, las mercanc\u00edas transportadas y las personas. A [&hellip;]<\/p>\n","protected":false},"author":2,"featured_media":0,"parent":8683,"menu_order":0,"comment_status":"closed","ping_status":"closed","template":"template-homepage.php","meta":[],"_links":{"self":[{"href":"https:\/\/www.flottaweb.com\/es\/wp-json\/wp\/v2\/pages\/8694"}],"collection":[{"href":"https:\/\/www.flottaweb.com\/es\/wp-json\/wp\/v2\/pages"}],"about":[{"href":"https:\/\/www.flottaweb.com\/es\/wp-json\/wp\/v2\/types\/page"}],"author":[{"embeddable":true,"href":"https:\/\/www.flottaweb.com\/es\/wp-json\/wp\/v2\/users\/2"}],"replies":[{"embeddable":true,"href":"https:\/\/www.flottaweb.com\/es\/wp-json\/wp\/v2\/comments?post=8694"}],"version-history":[{"count":1,"href":"https:\/\/www.flottaweb.com\/es\/wp-json\/wp\/v2\/pages\/8694\/revisions"}],"predecessor-version":[{"id":8695,"href":"https:\/\/www.flottaweb.com\/es\/wp-json\/wp\/v2\/pages\/8694\/revisions\/8695"}],"up":[{"embeddable":true,"href":"https:\/\/www.flottaweb.com\/es\/wp-json\/wp\/v2\/pages\/8683"}],"wp:attachment":[{"href":"https:\/\/www.flottaweb.com\/es\/wp-json\/wp\/v2\/media?parent=8694"}],"curies":[{"name":"wp","href":"https:\/\/api.w.org\/{rel}","templated":true}]}}